{"id":6,"date":"2024-09-04T15:41:08","date_gmt":"2024-09-04T13:41:08","guid":{"rendered":"https:\/\/juttas-genusswelt.de\/?page_id=6"},"modified":"2024-09-04T15:55:52","modified_gmt":"2024-09-04T13:55:52","slug":"maintenance-page","status":"publish","type":"page","link":"https:\/\/juttas-genusswelt.de\/","title":{"rendered":"Maintenance Page"},"content":{"rendered":"\n<div id=\"wp-block-themeisle-blocks-advanced-columns-38fdf81c\" class=\"wp-block-themeisle-blocks-advanced-columns alignfull has-2-columns has-desktop-equal-layout has-tablet-collapsedRows-layout has-mobile-collapsedRows-layout has-vertical-center has-dark-bg\"><div class=\"wp-block-themeisle-blocks-advanced-columns-overlay\"><\/div><div class=\"innerblocks-wrap\">\n<div id=\"wp-block-themeisle-blocks-advanced-column-0a1b5b8c\" class=\"wp-block-themeisle-blocks-advanced-column\">\n<figure class=\"wp-block-image size-full is-resized\"><img decoding=\"async\" src=\"https:\/\/demosites.io\/otter\/wp-content\/uploads\/sites\/664\/2022\/09\/placeholder-img-21-1.png\" alt=\"\" class=\"wp-image-388\" style=\"width:522px;height:360px\"\/><\/figure>\n<\/div>\n\n\n\n<div id=\"wp-block-themeisle-blocks-advanced-column-efa311e1\" class=\"wp-block-themeisle-blocks-advanced-column\">\n<h1 id=\"wp-block-themeisle-blocks-advanced-heading-341a26ad\" class=\"wp-block-themeisle-blocks-advanced-heading wp-block-themeisle-blocks-advanced-heading-341a26ad\">Herzlich Willkommen bei Juttas Genusswelt<\/h1>\n\n\n\n<p>Unsere Website befindet sich aktuell im Aufbau.<br>Bald wird unsere Website in neuem Glanz erstrahlen und wir freuen uns wenn Sie unsere Website dann wieder besuchen.<\/p>\n\n\n\n<p>Ihr Team von Juttas Genusswelt<\/p>\n\n\n\n<p><\/p>\n\n\n\n<p><strong>Juttas Genusswelt<\/strong>&nbsp;| Inhaberin Jutta Sch\u00f6pfle<br>Gleisstra\u00dfe 12 | 73655 Pl\u00fcderhausen<br>hallo@juttas-genusswelt.de | juttas-genusswelt.de<\/p>\n<\/div>\n<\/div><\/div>\n","protected":false},"excerpt":{"rendered":"","protected":false},"author":1,"featured_media":0,"parent":0,"menu_order":0,"comment_status":"closed","ping_status":"closed","template":"templates\/wpmm-page-template.php","meta":{"_themeisle_gutenberg_block_has_review":false,"footnotes":""},"class_list":["post-6","page","type-page","status-publish","hentry"],"_links":{"self":[{"href":"https:\/\/juttas-genusswelt.de\/index.php?rest_route=\/wp\/v2\/pages\/6","targetHints":{"allow":["GET"]}}],"collection":[{"href":"https:\/\/juttas-genusswelt.de\/index.php?rest_route=\/wp\/v2\/pages"}],"about":[{"href":"https:\/\/juttas-genusswelt.de\/index.php?rest_route=\/wp\/v2\/types\/page"}],"author":[{"embeddable":true,"href":"https:\/\/juttas-genusswelt.de\/index.php?rest_route=\/wp\/v2\/users\/1"}],"replies":[{"embeddable":true,"href":"https:\/\/juttas-genusswelt.de\/index.php?rest_route=%2Fwp%2Fv2%2Fcomments&post=6"}],"version-history":[{"count":3,"href":"https:\/\/juttas-genusswelt.de\/index.php?rest_route=\/wp\/v2\/pages\/6\/revisions"}],"predecessor-version":[{"id":10,"href":"https:\/\/juttas-genusswelt.de\/index.php?rest_route=\/wp\/v2\/pages\/6\/revisions\/10"}],"wp:attachment":[{"href":"https:\/\/juttas-genusswelt.de\/index.php?rest_route=%2Fwp%2Fv2%2Fmedia&parent=6"}],"curies":[{"name":"wp","href":"https:\/\/api.w.org\/{rel}","templated":true}]}}